{"id":11,"date":"2024-10-23T12:12:22","date_gmt":"2024-10-23T12:12:22","guid":{"rendered":"http:\/\/stadoservicebolaget.se\/?page_id=11"},"modified":"2025-05-09T20:40:53","modified_gmt":"2025-05-09T20:40:53","slug":"tjanster","status":"publish","type":"page","link":"https:\/\/stadoservicebolaget.se\/?page_id=11","title":{"rendered":"Tj\u00e4nster"},"content":{"rendered":"\t\t<div data-elementor-type=\"wp-page\" data-elementor-id=\"11\" class=\"elementor elementor-11\" data-elementor-post-type=\"page\">\n\t\t\t\t        <section class=\"elementor-section elementor-top-section elementor-element elementor-element-558d70a5 elementor-section-full_width elementor-section-height-min-height elementor-section-stretched elementor-section-height-default elementor-section-items-middle ct-header-fixed-none ct-row-max-none\" data-id=\"558d70a5\" data-element_type=\"section\" data-settings=\"{&quot;stretch_section&quot;:&quot;section-stretched&quot;,&quot;background_background&quot;:&quot;classic&quot;}\">\n                            <div class=\"elementor-background-overlay\"><\/div>\n                \n                        <div class=\"elementor-container elementor-column-gap-no \">\n                    <div class=\"elementor-column elementor-col-100 elementor-top-column elementor-element elementor-element-6d0867e6\" data-id=\"6d0867e6\" data-element_type=\"column\">\n        <div class=\"elementor-widget-wrap elementor-element-populated\">\n                    \n        \t\t<div class=\"elementor-element elementor-element-6b8457a0 elementor-invisible elementor-widget elementor-widget-heading\" data-id=\"6b8457a0\" data-element_type=\"widget\" data-settings=\"{&quot;_animation&quot;:&quot;fadeInDown&quot;}\" data-widget_type=\"heading.default\">\n\t\t\t\t<div class=\"elementor-widget-container\">\n\t\t\t\t\t<h2 class=\"elementor-heading-title elementor-size-default\">Tj\u00e4nster<\/h2>\t\t\t\t<\/div>\n\t\t\t\t<\/div>\n\t\t            <\/div>\n        <\/div>\n                    <\/div>\n        <\/section>\n                <section class=\"elementor-section elementor-top-section elementor-element elementor-element-3e982f0f elementor-section-boxed elementor-section-height-default elementor-section-height-default ct-header-fixed-none ct-row-max-none\" data-id=\"3e982f0f\" data-element_type=\"section\">\n            \n                        <div class=\"elementor-container elementor-column-gap-default \">\n                    <div class=\"elementor-column elementor-col-100 elementor-top-column elementor-element elementor-element-620da6d8\" data-id=\"620da6d8\" data-element_type=\"column\">\n        <div class=\"elementor-widget-wrap elementor-element-populated\">\n                    \n        \t\t<div class=\"elementor-element elementor-element-32c609f8 elementor-widget elementor-widget-ct_heading\" data-id=\"32c609f8\" data-element_type=\"widget\" data-widget_type=\"ct_heading.default\">\n\t\t\t\t<div class=\"elementor-widget-container\">\n\t\t\t\t\t<div id=\"ct_heading-32c609f8\" class=\"ct-heading h-align-center sub-style1 ct-heading-left item-st-default\">\r\n\t<div class=\"ct-item--inner\">\r\n        <div class=\"ct-inline-css\"  data-css=\"\r\n            \">\r\n        <\/div>\r\n                <h2 class=\"item--title st-default case-animate-time\" data-wow-delay=\"ms\">\r\n                        <span class=\"sp-main\">\r\n                \r\n                L\u00e4s g\u00e4rna mer om v\u00e5ra tj\u00e4nster nedan\r\n                \r\n                            <\/span>\r\n                    <\/h2>\r\n    <\/div>\r\n<\/div>\t\t\t\t<\/div>\n\t\t\t\t<\/div>\n\t\t            <\/div>\n        <\/div>\n                    <\/div>\n        <\/section>\n        <div class=\"elementor-element elementor-element-84a801c e-flex e-con-boxed e-con e-parent\" data-id=\"84a801c\" data-element_type=\"container\">\n\t\t\t\t\t<div class=\"e-con-inner\">\n\t\t<div class=\"elementor-element elementor-element-2b13ffb e-con-full e-flex e-con e-child\" data-id=\"2b13ffb\" data-element_type=\"container\">\n\t\t<div class=\"elementor-element elementor-element-71619b0 e-con-full e-flex e-con e-child\" data-id=\"71619b0\" data-element_type=\"container\">\n\t\t<a class=\"elementor-element elementor-element-6a51a14 e-con-full e-flex e-con e-child\" data-id=\"6a51a14\" data-element_type=\"container\" href=\"https:\/\/stadoservicebolaget.se\/?page_id=227\">\n\t\t\t\t<div class=\"elementor-element elementor-element-790aaa7 elementor-widget elementor-widget-ct_fancy_box\" data-id=\"790aaa7\" data-element_type=\"widget\" data-widget_type=\"ct_fancy_box.default\">\n\t\t\t\t<div class=\"elementor-widget-container\">\n\t\t\t\t\t<div class=\"ct-fancy-box ct-fancy-box-layout4 \" data-wow-delay=\"ms\">\r\n            <div class=\"item--icon\">\r\n            <i aria-hidden=\"true\" class=\"fas fa-home\"><\/i>        <\/div>\r\n            <div class=\"item--holder\">\r\n        <h3 class=\"item--title\">\r\n            Hemst\u00e4d        <\/h3>\r\n        <div class=\"item--description\">L\u00e5t oss ta hand om ditt hem, s\u00e5 du kan njuta av din tid<\/div>\r\n    <\/div>\r\n<\/div>\t\t\t\t<\/div>\n\t\t\t\t<\/div>\n\t\t\t\t<\/a>\n\t\t<a class=\"elementor-element elementor-element-714ec4e e-con-full e-flex e-con e-child\" data-id=\"714ec4e\" data-element_type=\"container\" href=\"https:\/\/stadoservicebolaget.se\/?page_id=249\">\n\t\t\t\t<div class=\"elementor-element elementor-element-a25107a elementor-widget elementor-widget-ct_fancy_box\" data-id=\"a25107a\" data-element_type=\"widget\" data-widget_type=\"ct_fancy_box.default\">\n\t\t\t\t<div class=\"elementor-widget-container\">\n\t\t\t\t\t<div class=\"ct-fancy-box ct-fancy-box-layout4 \" data-wow-delay=\"ms\">\r\n            <div class=\"item--icon\">\r\n            <i aria-hidden=\"true\" class=\"fas fa-handshake\"><\/i>        <\/div>\r\n            <div class=\"item--holder\">\r\n        <h3 class=\"item--title\">\r\n            F\u00f6retagsst\u00e4d        <\/h3>\r\n        <div class=\"item--description\">En ren arbetsplats f\u00f6r en mer produktiv vardag<\/div>\r\n    <\/div>\r\n<\/div>\t\t\t\t<\/div>\n\t\t\t\t<\/div>\n\t\t\t\t<\/a>\n\t\t<a class=\"elementor-element elementor-element-bc043c0 e-con-full e-flex e-con e-child\" data-id=\"bc043c0\" data-element_type=\"container\" href=\"https:\/\/stadoservicebolaget.se\/?page_id=255\">\n\t\t\t\t<div class=\"elementor-element elementor-element-cf3cdf8 elementor-widget elementor-widget-ct_fancy_box\" data-id=\"cf3cdf8\" data-element_type=\"widget\" data-widget_type=\"ct_fancy_box.default\">\n\t\t\t\t<div class=\"elementor-widget-container\">\n\t\t\t\t\t<div class=\"ct-fancy-box ct-fancy-box-layout4 \" data-wow-delay=\"ms\">\r\n            <div class=\"item--icon\">\r\n            <i aria-hidden=\"true\" class=\"material zmdi zmdi-truck\"><\/i>        <\/div>\r\n            <div class=\"item--holder\">\r\n        <h3 class=\"item--title\">\r\n            Flyttst\u00e4d        <\/h3>\r\n        <div class=\"item--description\">L\u00e5t oss ta hand om ditt hem, s\u00e5 du kan njuta av din tid<\/div>\r\n    <\/div>\r\n<\/div>\t\t\t\t<\/div>\n\t\t\t\t<\/div>\n\t\t\t\t<\/a>\n\t\t\t\t<\/div>\n\t\t\t\t<\/div>\n\t\t\t\t\t<\/div>\n\t\t\t\t<\/div>\n\t\t<div class=\"elementor-element elementor-element-cdaff2b e-flex e-con-boxed e-con e-parent\" data-id=\"cdaff2b\" data-element_type=\"container\">\n\t\t\t\t\t<div class=\"e-con-inner\">\n\t\t<div class=\"elementor-element elementor-element-8256a9d e-con-full e-flex e-con e-child\" data-id=\"8256a9d\" data-element_type=\"container\">\n\t\t<a class=\"elementor-element elementor-element-d3e6f9d e-con-full e-flex e-con e-child\" data-id=\"d3e6f9d\" data-element_type=\"container\" href=\"https:\/\/stadoservicebolaget.se\/?page_id=261\">\n\t\t\t\t<div class=\"elementor-element elementor-element-bf322fd elementor-widget elementor-widget-ct_fancy_box\" data-id=\"bf322fd\" data-element_type=\"widget\" data-widget_type=\"ct_fancy_box.default\">\n\t\t\t\t<div class=\"elementor-widget-container\">\n\t\t\t\t\t<div class=\"ct-fancy-box ct-fancy-box-layout4 \" data-wow-delay=\"ms\">\r\n            <div class=\"item--icon\">\r\n            <i aria-hidden=\"true\" class=\"flaticonv4 flaticonv4-clean\"><\/i>        <\/div>\r\n            <div class=\"item--holder\">\r\n        <h3 class=\"item--title\">\r\n            F\u00f6nstertv\u00e4tt        <\/h3>\r\n        <div class=\"item--description\">L\u00e5t oss ta hand om ditt hem, s\u00e5 du kan njuta av din tid<\/div>\r\n    <\/div>\r\n<\/div>\t\t\t\t<\/div>\n\t\t\t\t<\/div>\n\t\t\t\t<\/a>\n\t\t<a class=\"elementor-element elementor-element-83ba87f e-con-full e-flex e-con e-child\" data-id=\"83ba87f\" data-element_type=\"container\" href=\"https:\/\/stadoservicebolaget.se\/?page_id=267\">\n\t\t\t\t<div class=\"elementor-element elementor-element-efbec58 elementor-widget elementor-widget-ct_fancy_box\" data-id=\"efbec58\" data-element_type=\"widget\" data-widget_type=\"ct_fancy_box.default\">\n\t\t\t\t<div class=\"elementor-widget-container\">\n\t\t\t\t\t<div class=\"ct-fancy-box ct-fancy-box-layout4 \" data-wow-delay=\"ms\">\r\n            <div class=\"item--icon\">\r\n            <i aria-hidden=\"true\" class=\"flaticon flaticon-tools\"><\/i>        <\/div>\r\n            <div class=\"item--holder\">\r\n        <h3 class=\"item--title\">\r\n            Byggst\u00e4d        <\/h3>\r\n        <div class=\"item--description\">En ren arbetsplats f\u00f6r en mer produktiv vardag<\/div>\r\n    <\/div>\r\n<\/div>\t\t\t\t<\/div>\n\t\t\t\t<\/div>\n\t\t\t\t<\/a>\n\t\t<a class=\"elementor-element elementor-element-cf1ae44 e-con-full e-flex e-con e-child\" data-id=\"cf1ae44\" data-element_type=\"container\" href=\"https:\/\/stadoservicebolaget.se\/?page_id=273\">\n\t\t\t\t<div class=\"elementor-element elementor-element-a0bac3c elementor-widget elementor-widget-ct_fancy_box\" data-id=\"a0bac3c\" data-element_type=\"widget\" data-widget_type=\"ct_fancy_box.default\">\n\t\t\t\t<div class=\"elementor-widget-container\">\n\t\t\t\t\t<div class=\"ct-fancy-box ct-fancy-box-layout4 \" data-wow-delay=\"ms\">\r\n            <div class=\"item--icon\">\r\n            <i aria-hidden=\"true\" class=\"flaticonv4 flaticonv4-sweeping\"><\/i>        <\/div>\r\n            <div class=\"item--holder\">\r\n        <h3 class=\"item--title\">\r\n            Trappst\u00e4d        <\/h3>\r\n        <div class=\"item--description\">L\u00e5t oss ta hand om ditt hem, s\u00e5 du kan njuta av din tid<\/div>\r\n    <\/div>\r\n<\/div>\t\t\t\t<\/div>\n\t\t\t\t<\/div>\n\t\t\t\t<\/a>\n\t\t\t\t<\/div>\n\t\t\t\t\t<\/div>\n\t\t\t\t<\/div>\n\t\t        <section class=\"elementor-section elementor-top-section elementor-element elementor-element-874a34b elementor-section-full_width elementor-section-height-min-height elementor-section-stretched elementor-section-height-default elementor-section-items-middle ct-header-fixed-none ct-row-max-none\" data-id=\"874a34b\" data-element_type=\"section\" data-settings=\"{&quot;stretch_section&quot;:&quot;section-stretched&quot;,&quot;background_background&quot;:&quot;classic&quot;}\">\n                            <div class=\"elementor-background-overlay\"><\/div>\n                \n                        <div class=\"elementor-container elementor-column-gap-no \">\n                    <div class=\"elementor-column elementor-col-100 elementor-top-column elementor-element elementor-element-53aa14c\" data-id=\"53aa14c\" data-element_type=\"column\">\n        <div class=\"elementor-widget-wrap elementor-element-populated\">\n                    \n        \t\t<div class=\"elementor-element elementor-element-a628f75 elementor-widget elementor-widget-ct_heading\" data-id=\"a628f75\" data-element_type=\"widget\" data-widget_type=\"ct_heading.default\">\n\t\t\t\t<div class=\"elementor-widget-container\">\n\t\t\t\t\t<div id=\"ct_heading-a628f75\" class=\"ct-heading h-align-center sub-style1 ct-heading-left item-st-default\">\r\n\t<div class=\"ct-item--inner\">\r\n        <div class=\"ct-inline-css\"  data-css=\"\r\n            \">\r\n        <\/div>\r\n                <h3 class=\"item--title st-default case-animate-time\" data-wow-delay=\"ms\">\r\n                        <span class=\"sp-main\">\r\n                \r\n                Vi finns h\u00e4r f\u00f6r dig\r\n                \r\n                            <\/span>\r\n                    <\/h3>\r\n    <\/div>\r\n<\/div>\t\t\t\t<\/div>\n\t\t\t\t<\/div>\n\t\t\t\t<div class=\"elementor-element elementor-element-7b56e77 elementor-align-center elementor-widget elementor-widget-ct_button\" data-id=\"7b56e77\" data-element_type=\"widget\" data-widget_type=\"ct_button.default\">\n\t\t\t\t<div class=\"elementor-widget-container\">\n\t\t\t\t\t<div id=\"ct_button-7b56e77\" class=\"ct-button-wrapper ct-button-layout1 icon- btn--inline \">\r\n    <div class=\"ct-inline-css\"  data-css=\"\r\n        \">\r\n    <\/div>\r\n            <span class=\"ct-icon-active\"><\/span>\r\n        <a href=\"https:\/\/stadoservicebolaget.se\/?page_id=8\" class=\"btn btn-secondary icon-active btn-inline-block  \" data-wow-delay=\"ms\">\r\n                            <span class=\"ct-button-icon ct-align-icon-\">\r\n                            <\/span>\r\n                <span class=\"ct-button-text\">Kontakta Oss<\/span>\r\n    <\/a>\r\n<\/div>\t\t\t\t<\/div>\n\t\t\t\t<\/div>\n\t\t            <\/div>\n        <\/div>\n                    <\/div>\n        <\/section>\n        \t\t<\/div>\n\t\t","protected":false},"excerpt":{"rendered":"<p>Tj\u00e4nster L\u00e4s g\u00e4rna mer om v\u00e5ra tj\u00e4nster nedan Hemst\u00e4d L\u00e5t oss ta hand om ditt hem, s\u00e5 du kan njuta av din tid F\u00f6retagsst\u00e4d En ren arbetsplats f\u00f6r en mer produktiv vardag Flyttst\u00e4d L\u00e5t oss ta hand om ditt hem, s\u00e5 du kan njuta av din tid F\u00f6nstertv\u00e4tt L\u00e5t oss ta hand om ditt hem, [&hellip;]<\/p>\n","protected":false},"author":1,"featured_media":0,"parent":0,"menu_order":0,"comment_status":"closed","ping_status":"closed","template":"","meta":{"footnotes":""},"class_list":["post-11","page","type-page","status-publish","hentry"],"_links":{"self":[{"href":"https:\/\/stadoservicebolaget.se\/index.php?rest_route=\/wp\/v2\/pages\/11","targetHints":{"allow":["GET"]}}],"collection":[{"href":"https:\/\/stadoservicebolaget.se\/index.php?rest_route=\/wp\/v2\/pages"}],"about":[{"href":"https:\/\/stadoservicebolaget.se\/index.php?rest_route=\/wp\/v2\/types\/page"}],"author":[{"embeddable":true,"href":"https:\/\/stadoservicebolaget.se\/index.php?rest_route=\/wp\/v2\/users\/1"}],"replies":[{"embeddable":true,"href":"https:\/\/stadoservicebolaget.se\/index.php?rest_route=%2Fwp%2Fv2%2Fcomments&post=11"}],"version-history":[{"count":25,"href":"https:\/\/stadoservicebolaget.se\/index.php?rest_route=\/wp\/v2\/pages\/11\/revisions"}],"predecessor-version":[{"id":842,"href":"https:\/\/stadoservicebolaget.se\/index.php?rest_route=\/wp\/v2\/pages\/11\/revisions\/842"}],"wp:attachment":[{"href":"https:\/\/stadoservicebolaget.se\/index.php?rest_route=%2Fwp%2Fv2%2Fmedia&parent=11"}],"curies":[{"name":"wp","href":"https:\/\/api.w.org\/{rel}","templated":true}]}}